{"id":8,"date":"2024-03-24T21:37:19","date_gmt":"2024-03-24T18:37:19","guid":{"rendered":"https:\/\/skywardsoft.com\/?page_id=8"},"modified":"2024-05-20T00:58:19","modified_gmt":"2024-05-19T21:58:19","slug":"rules-of-the-skyward-crash-slot-game","status":"publish","type":"page","link":"https:\/\/skywardsoft.com\/pt\/rules-of-the-skyward-crash-slot-game\/","title":{"rendered":"Regras do jogo de slot crash Skyward"},"content":{"rendered":"<ol>\n<li><b> Termos e Defini\u00e7\u00f5es:<\/b><span style=\"font-weight: 400;\"><br \/>\n<\/span><span style=\"font-weight: 400;\">  1.1. <\/span><b>Objeto Voador:<\/b><span style=\"font-weight: 400;\"> Um objeto que decola no ar com base nas apostas dos jogadores.<\/span><span style=\"font-weight: 400;\"><br \/>\n<\/span><span style=\"font-weight: 400;\">  1.2. <\/span><b>Multiplicador:<\/b><span style=\"font-weight: 400;\"> Um valor que come\u00e7a em 1,00 e aumenta gradualmente \u00e0 medida que o objeto voa.<\/span><span style=\"font-weight: 400;\"><br \/>\n<\/span><span style=\"font-weight: 400;\">   1.3. <\/span><b>Retirada:<\/b><span style=\"font-weight: 400;\"> A a\u00e7\u00e3o de retirar os ganhos com o valor do multiplicador escolhido antes que o objeto voador desapare\u00e7a.<\/span><span style=\"font-weight: 400;\"><br \/>\n<\/span><span style=\"font-weight: 400;\">   1.4. <\/span><b>Jogo Autom\u00e1tico:<\/b><span style=\"font-weight: 400;\"> Uma funcionalidade que permite aos jogadores em jurisdi\u00e7\u00f5es aplic\u00e1veis automatizar seu jogo com base em vari\u00e1veis predefinidas.<\/span><\/li>\n<li><b> Regras:<\/b><span style=\"font-weight: 400;\"><br \/>\n<\/span><span style=\"font-weight: 400;\">  2.1. <\/span><b>Apostas:<\/b><span style=\"font-weight: 400;\"> Os jogadores fazem apostas antes da decolagem do objeto voador. As apostas devem ser feitas antes do in\u00edcio da rodada, caso contr\u00e1rio, ser\u00e3o transferidas para a pr\u00f3xima rodada.<\/span><span style=\"font-weight: 400;\"><br \/>\n<\/span><span style=\"font-weight: 400;\">  2.2. <\/span><b>Progresso do Multiplicador:<\/b><span style=\"font-weight: 400;\"> O multiplicador come\u00e7a em 1,00 e aumenta \u00e0 medida que o Objeto Voador avan\u00e7a.<\/span><span style=\"font-weight: 400;\"><br \/>\n<\/span><span style=\"font-weight: 400;\">   2.3. <\/span><b>Retirada:<\/b><span style=\"font-weight: 400;\"> Os jogadores t\u00eam como objetivo retirar no momento certo para maximizar seus ganhos. O valor do ganho \u00e9 calculado multiplicando o multiplicador no momento da retirada pelo valor da aposta inicial. O operador pode desativar a funcionalidade de retirada no in\u00edcio do jogo, especialmente quando o multiplicador \u00e9 muito baixo, para evitar que o valor do pagamento fique abaixo da aposta inicial, o que pode acontecer devido \u00e0s regras fiscais na jurisdi\u00e7\u00e3o do jogador.<\/span><span style=\"font-weight: 400;\"><br \/>\n<\/span><span style=\"font-weight: 400;\">   2.4. <\/span><b>Pagamentos:<\/b><span style=\"font-weight: 400;\"> Os jogadores devem entender que o valor do ganho pode n\u00e3o ser o resultado exato da multiplica\u00e7\u00e3o do multiplicador pela aposta realizada, pois o valor final pode estar sujeito a dedu\u00e7\u00f5es fiscais, dependendo da jurisdi\u00e7\u00e3o do jogador.<\/span><span style=\"font-weight: 400;\"><br \/>\n<\/span><span style=\"font-weight: 400;\">   2.5. <\/span><b>Objetivo:<\/b><span style=\"font-weight: 400;\"> O objetivo \u00e9 retirar antes que o objeto voador desapare\u00e7a. Caso contr\u00e1rio, a aposta ser\u00e1 perdida.<\/span><span style=\"font-weight: 400;\"><br \/>\n<\/span><span style=\"font-weight: 400;\">   2.6. <\/span><b>Funcionalidade de Jogo Autom\u00e1tico:<\/b><span style=\"font-weight: 400;\"> Os jogadores podem usar a funcionalidade de Jogo Autom\u00e1tico para automatizar seu jogo em jurisdi\u00e7\u00f5es aplic\u00e1veis. Eles podem definir o valor da aposta, definir o limite autom\u00e1tico de retirada e especificar o n\u00famero de rodadas a serem jogadas.<\/span><span style=\"font-weight: 400;\"><br \/>\n<\/span><span style=\"font-weight: 400;\">   2.7. <\/span><b>Condi\u00e7\u00f5es de Parada do Jogo Autom\u00e1tico:<\/b><span style=\"font-weight: 400;\"> O Jogo Autom\u00e1tico para nas seguintes condi\u00e7\u00f5es:<\/span><span style=\"font-weight: 400;\"><br \/>\n<\/span><span style=\"font-weight: 400;\">      2.7.1. O jogo para quando um certo n\u00edvel de ganhos, com base em um aumento predefinido no saldo do jogador, \u00e9 alcan\u00e7ado. Esse n\u00edvel \u00e9 definido pelo jogador durante a configura\u00e7\u00e3o do Jogo Autom\u00e1tico.<\/span><span style=\"font-weight: 400;\"><br \/>\n<\/span><span style=\"font-weight: 400;\">      2.7.2. O jogo para se o saldo do jogador atingir um n\u00edvel de perda predefinido. Esse n\u00edvel \u00e9 definido pelo jogador durante a configura\u00e7\u00e3o do Jogo Autom\u00e1tico.<\/span><span style=\"font-weight: 400;\"><br \/>\n<\/span><span style=\"font-weight: 400;\">      2.7.3. O jogo para quando o jogador acumula um valor predefinido de ganhos em uma \u00fanica rodada, conforme determinado pela configura\u00e7\u00e3o do Jogo Autom\u00e1tico do jogador.<\/span><span style=\"font-weight: 400;\"><br \/>\n<\/span><span style=\"font-weight: 400;\">   2.8. <\/span><b>Jurisdi\u00e7\u00f5es Restritas:<\/b><span style=\"font-weight: 400;\"> Em jurisdi\u00e7\u00f5es onde o uso da funcionalidade de Jogo Autom\u00e1tico \u00e9 proibido, essa funcionalidade ser\u00e1 desativada e indispon\u00edvel para os jogadores, para cumprir com as regras e restri\u00e7\u00f5es locais.<\/span><span style=\"font-weight: 400;\"><br \/>\n<\/span><span style=\"font-weight: 400;\">   2.9. <\/span><b>Apostas Duplas Simult\u00e2neas:<\/b><span style=\"font-weight: 400;\"> Os jogadores podem fazer apostas em duas janelas ativas simultaneamente. Essas janelas s\u00e3o id\u00eanticas em funcionalidade e operam independentemente uma da outra.<br \/>\n<img loading=\"lazy\" decoding=\"async\" class=\"alignnone size-full wp-image-25\" src=\"https:\/\/skywardsoft.com\/wp-content\/uploads\/image002.png\" alt=\"\" width=\"519\" height=\"526\" \/><\/span><span style=\"font-weight: 400;\"><br \/>\n<\/span><span style=\"font-weight: 400;\">  <\/span><\/li>\n<li><b> Processo de Jogo:<\/b><span style=\"font-weight: 400;\"><br \/>\n<\/span><span style=\"font-weight: 400;\">  3.1. <\/span><b>Rodada de Apostas:<\/b><span style=\"font-weight: 400;\"> Antes da decolagem do objeto voador, uma rodada de apostas \u00e9 conduzida. Os jogadores podem fazer apostas nos resultados dispon\u00edveis da pr\u00f3xima rodada.<\/span><\/li>\n<li><b> Limites:<\/b><span style=\"font-weight: 400;\"><br \/>\n<\/span><span style=\"font-weight: 400;\">  4.1. Os ganhos m\u00e1ximos, bem como os limites m\u00e1ximos e m\u00ednimos de apostas, s\u00e3o determinados pelo operador do jogo.<\/span><span style=\"font-weight: 400;\"><br \/>\n<\/span><span style=\"font-weight: 400;\">  4.2. Se um jogador atingir um multiplicador que resulte em ganhos iguais ou superiores ao valor m\u00e1ximo de ganhos definido pelo estabelecimento de jogos, ele receber\u00e1 automaticamente o valor m\u00e1ximo de ganhos sem a necessidade de retirar, a menos que tenha feito isso antes de atingir o ganho m\u00e1ximo. Em tais casos, os resultados das apostas exibir\u00e3o um \u00edcone informativo indicando que o jogador foi automaticamente retirado devido ao atingimento do ganho m\u00e1ximo ou do multiplicador m\u00e1ximo.<\/span><span style=\"font-weight: 400;\"><br \/>\n<\/span><span style=\"font-weight: 400;\">   4.3. Se um jogador definir um multiplicador autom\u00e1tico de retirada, o jogo retirar\u00e1 automaticamente ao atender \u00e0 condi\u00e7\u00e3o especificada. A \u00fanica exce\u00e7\u00e3o \u00e9 quando o jogador cancela manualmente a retirada autom\u00e1tica pressionando o bot\u00e3o de retirada mais cedo.<\/span><\/li>\n<li><b> Casos Especiais:<\/b><span style=\"font-weight: 400;\"><br \/>\n<\/span><span style=\"font-weight: 400;\">  5.1. <\/span><b>Cancelamento de Rodadas:<\/b><span style=\"font-weight: 400;\"> As rodadas podem ser canceladas devido a problemas t\u00e9cnicos. No caso de cancelamento de uma rodada, o valor da aposta do jogador ser\u00e1 reembolsado (os multiplicadores s\u00e3o definidos como um (1,00)). Se o jogador saiu do jogo antes do cancelamento da rodada, ele receber\u00e1 seus ganhos.<\/span><span style=\"font-weight: 400;\"><br \/>\n<\/span><span style=\"font-weight: 400;\">  5.2. <\/span><b>Desconex\u00e3o do Jogador:<\/b><span style=\"font-weight: 400;\"> No caso de desconex\u00e3o do jogador durante uma aposta ativa:<\/span><span style=\"font-weight: 400;\"><br \/>\n<\/span><span style=\"font-weight: 400;\">5.2.1. A aposta ativa continuar\u00e1 a jogar at\u00e9 a conclus\u00e3o da rodada atual. Se o jogador retornar antes do final da rodada, ele ter\u00e1 a oportunidade de retirar manualmente seus ganhos. Caso contr\u00e1rio, a aposta continuar\u00e1 at\u00e9 que perca ou atinja o ganho m\u00e1ximo definido pelo jogador usando a funcionalidade de Jogo Autom\u00e1tico.<\/span><span style=\"font-weight: 400;\"><br \/>\n<\/span><span style=\"font-weight: 400;\">5.2.2. Se o recurso Auto Play estiver habilitado, os ganhos ser\u00e3o automaticamente recebidos ao atingir o multiplicador especificado durante o jogo. O valor do pr\u00eamio ser\u00e1 creditado no saldo do jogador.<\/span><\/li>\n<li><b> Organiza\u00e7\u00e3o do Jogo:<\/b><span style=\"font-weight: 400;\"><br \/>\n<\/span><span style=\"font-weight: 400;\">  6.1. O jogo opera continuamente todos os dias, com pausas peri\u00f3dicas para manuten\u00e7\u00e3o conforme necess\u00e1rio.<\/span><span style=\"font-weight: 400;\"><br \/>\n<\/span><span style=\"font-weight: 400;\">  6.2. O multiplicador para cada rodada \u00e9 gerado usando a tecnologia de Gerador de N\u00fameros Aleat\u00f3rios (RNG) certificada, garantindo justi\u00e7a e imprevisibilidade.<\/span><\/li>\n<li><b> Informa\u00e7\u00f5es Adicionais:<\/b><span style=\"font-weight: 400;\"><br \/>\n<\/span><span style=\"font-weight: 400;\">  7.1. Para conveni\u00eancia dos jogadores, estas Regras e Regulamentos s\u00e3o publicadas em v\u00e1rios idiomas. Em caso de discrep\u00e2ncias entre as vers\u00f5es n\u00e3o em ingl\u00eas e a vers\u00e3o em ingl\u00eas destas Regras e Regulamentos, a vers\u00e3o em ingl\u00eas prevalecer\u00e1.<\/span><span style=\"font-weight: 400;\"><br \/>\n<\/span><span style=\"font-weight: 400;\">  7.2. Os jogadores devem apresentar reivindica\u00e7\u00f5es sobre os resultados do jogo ou problemas t\u00e9cnicos ao operador do jogo dentro de 30 (trinta) dias a partir da data do respectivo sorteio. O per\u00edodo de reivindica\u00e7\u00e3o para os jogadores pode ser estendido al\u00e9m de 30 dias se exigido por normas legais da respectiva jurisdi\u00e7\u00e3o que regulamenta as atividades do estabelecimento de jogos.<\/span><\/li>\n<\/ol>\n","protected":false},"excerpt":{"rendered":"<p>Termos e Defini\u00e7\u00f5es: 1.1. Objeto Voador: Um objeto que decola no ar com base nas apostas dos jogadores. 1.2. Multiplicador: Um valor que come\u00e7a em 1,00 e aumenta gradualmente \u00e0 medida que o objeto voa. 1.3. Retirada: A a\u00e7\u00e3o de retirar os ganhos com o valor do multiplicador escolhido antes que o objeto voador desapare\u00e7a. [&hellip;]<\/p>\n","protected":false},"author":1,"featured_media":0,"parent":0,"menu_order":0,"comment_status":"closed","ping_status":"closed","template":"","meta":{"footnotes":""},"class_list":["post-8","page","type-page","status-publish","hentry"],"yoast_head":"<!-- This site is optimized with the Yoast SEO plugin v27.2 - https:\/\/yoast.com\/product\/yoast-seo-wordpress\/ -->\n<title>\u041f\u0440\u0430\u0432\u0438\u043b\u0430 \u043a\u0440\u0430\u0448 \u0438\u0433\u0440\u044b Skyward \u0432 \u043e\u043d\u043b\u0430\u0439\u043d \u043a\u0430\u0437\u0438\u043d\u043e<\/title>\n<meta name=\"description\" content=\"Como jogar e ganhar no jogo online Skyward. Reunimos todas as informa\u00e7\u00f5es sobre as regras do jogo que o ajudar\u00e3o a ganhar e ganhar uma grande quantia de dinheiro.\" \/>\n<meta name=\"robots\" content=\"index, follow, max-snippet:-1, max-image-preview:large, max-video-preview:-1\" \/>\n<link rel=\"canonical\" href=\"https:\/\/skywardsoft.com\/pt\/rules-of-the-skyward-crash-slot-game\/\" \/>\n<meta property=\"og:locale\" content=\"pt_PT\" \/>\n<meta property=\"og:locale:alternate\" content=\"ru_RU\" \/>\n<meta property=\"og:locale:alternate\" content=\"en_US\" \/>\n<meta property=\"og:locale:alternate\" content=\"es_ES\" \/>\n<meta property=\"og:type\" content=\"article\" \/>\n<meta property=\"og:title\" content=\"\u041f\u0440\u0430\u0432\u0438\u043b\u0430 \u043a\u0440\u0430\u0448 \u0438\u0433\u0440\u044b Skyward \u0432 \u043e\u043d\u043b\u0430\u0439\u043d \u043a\u0430\u0437\u0438\u043d\u043e\" \/>\n<meta property=\"og:description\" content=\"\u041a\u0430\u043a \u0438\u0433\u0440\u0430\u0442\u044c \u0438 \u043f\u043e\u0431\u0435\u0436\u0434\u0430\u0442\u044c \u0432 \u043e\u043d\u043b\u0430\u0439\u043d \u0438\u0433\u0440\u0435 Skyward. \u041c\u044b \u0441\u043e\u0431\u0440\u0430\u043b\u0438 \u0432\u0441\u044e \u0438\u043d\u0444\u043e\u0440\u043c\u0430\u0446\u0438\u044e \u043e \u043f\u0440\u0430\u0432\u0438\u043b\u0430\u0445 \u0438\u0433\u0440\u044b, \u043a\u043e\u0442\u043e\u0440\u044b\u0435 \u043f\u043e\u043c\u043e\u0433\u0443\u0442 \u043f\u043e\u0431\u0435\u0434\u0438\u0442\u044c \u0438 \u0432\u044b\u0438\u0433\u0440\u0430\u0442\u044c \u043a\u0440\u0443\u043f\u043d\u0443\u044e \u0441\u0443\u043c\u043c\u0443 \u0434\u0435\u043d\u0435\u0433\" \/>\n<meta property=\"og:url\" content=\"https:\/\/skywardsoft.com\/pt\/rules-of-the-skyward-crash-slot-game\/\" \/>\n<meta property=\"og:site_name\" content=\"Skyward\" \/>\n<meta property=\"article:modified_time\" content=\"2024-05-19T21:58:19+00:00\" \/>\n<meta property=\"og:image\" content=\"https:\/\/skywardsoft.com\/wp-content\/uploads\/image002.png\" \/>\n\t<meta property=\"og:image:width\" content=\"519\" \/>\n\t<meta property=\"og:image:height\" content=\"526\" \/>\n\t<meta property=\"og:image:type\" content=\"image\/png\" \/>\n<meta name=\"twitter:card\" content=\"summary_large_image\" \/>\n<meta name=\"twitter:label1\" content=\"Tempo estimado de leitura\" \/>\n\t<meta name=\"twitter:data1\" content=\"14 minutos\" \/>\n<script type=\"application\/ld+json\" class=\"yoast-schema-graph\">{\"@context\":\"https:\/\/schema.org\",\"@graph\":[{\"@type\":\"WebPage\",\"@id\":\"https:\/\/skywardsoft.com\/rules-of-the-skyward-crash-slot-game\/\",\"url\":\"https:\/\/skywardsoft.com\/rules-of-the-skyward-crash-slot-game\/\",\"name\":\"\u041f\u0440\u0430\u0432\u0438\u043b\u0430 \u043a\u0440\u0430\u0448 \u0438\u0433\u0440\u044b Skyward \u0432 \u043e\u043d\u043b\u0430\u0439\u043d \u043a\u0430\u0437\u0438\u043d\u043e\",\"isPartOf\":{\"@id\":\"https:\/\/skywardsoft.com\/#website\"},\"primaryImageOfPage\":{\"@id\":\"https:\/\/skywardsoft.com\/rules-of-the-skyward-crash-slot-game\/#primaryimage\"},\"image\":{\"@id\":\"https:\/\/skywardsoft.com\/rules-of-the-skyward-crash-slot-game\/#primaryimage\"},\"thumbnailUrl\":\"https:\/\/skywardsoft.com\/wp-content\/uploads\/image002.png\",\"datePublished\":\"2024-03-24T18:37:19+00:00\",\"dateModified\":\"2024-05-19T21:58:19+00:00\",\"description\":\"\u041a\u0430\u043a \u0438\u0433\u0440\u0430\u0442\u044c \u0438 \u043f\u043e\u0431\u0435\u0436\u0434\u0430\u0442\u044c \u0432 \u043e\u043d\u043b\u0430\u0439\u043d \u0438\u0433\u0440\u0435 Skyward. \u041c\u044b \u0441\u043e\u0431\u0440\u0430\u043b\u0438 \u0432\u0441\u044e \u0438\u043d\u0444\u043e\u0440\u043c\u0430\u0446\u0438\u044e \u043e \u043f\u0440\u0430\u0432\u0438\u043b\u0430\u0445 \u0438\u0433\u0440\u044b, \u043a\u043e\u0442\u043e\u0440\u044b\u0435 \u043f\u043e\u043c\u043e\u0433\u0443\u0442 \u043f\u043e\u0431\u0435\u0434\u0438\u0442\u044c \u0438 \u0432\u044b\u0438\u0433\u0440\u0430\u0442\u044c \u043a\u0440\u0443\u043f\u043d\u0443\u044e \u0441\u0443\u043c\u043c\u0443 \u0434\u0435\u043d\u0435\u0433\",\"breadcrumb\":{\"@id\":\"https:\/\/skywardsoft.com\/rules-of-the-skyward-crash-slot-game\/#breadcrumb\"},\"inLanguage\":\"pt-PT\",\"potentialAction\":[{\"@type\":\"ReadAction\",\"target\":[\"https:\/\/skywardsoft.com\/rules-of-the-skyward-crash-slot-game\/\"]}]},{\"@type\":\"ImageObject\",\"inLanguage\":\"pt-PT\",\"@id\":\"https:\/\/skywardsoft.com\/rules-of-the-skyward-crash-slot-game\/#primaryimage\",\"url\":\"https:\/\/skywardsoft.com\/wp-content\/uploads\/image002.png\",\"contentUrl\":\"https:\/\/skywardsoft.com\/wp-content\/uploads\/image002.png\"},{\"@type\":\"BreadcrumbList\",\"@id\":\"https:\/\/skywardsoft.com\/rules-of-the-skyward-crash-slot-game\/#breadcrumb\",\"itemListElement\":[{\"@type\":\"ListItem\",\"position\":1,\"name\":\"\u0413\u043b\u0430\u0432\u043d\u0430\u044f \u0441\u0442\u0440\u0430\u043d\u0438\u0446\u0430\",\"item\":\"https:\/\/skywardsoft.com\/\"},{\"@type\":\"ListItem\",\"position\":2,\"name\":\"\u041f\u0440\u0430\u0432\u0438\u043b\u0430 \u0438\u0433\u0440\u044b \u043a\u0440\u0430\u0448 \u0441\u043b\u043e\u0442\u0430 Skyward\"}]},{\"@type\":\"WebSite\",\"@id\":\"https:\/\/skywardsoft.com\/#website\",\"url\":\"https:\/\/skywardsoft.com\/\",\"name\":\"Skyward\",\"description\":\"\",\"potentialAction\":[{\"@type\":\"SearchAction\",\"target\":{\"@type\":\"EntryPoint\",\"urlTemplate\":\"https:\/\/skywardsoft.com\/?s={search_term_string}\"},\"query-input\":{\"@type\":\"PropertyValueSpecification\",\"valueRequired\":true,\"valueName\":\"search_term_string\"}}],\"inLanguage\":\"pt-PT\"}]}<\/script>\n<!-- \/ Yoast SEO plugin. -->","yoast_head_json":{"title":"\u041f\u0440\u0430\u0432\u0438\u043b\u0430 \u043a\u0440\u0430\u0448 \u0438\u0433\u0440\u044b Skyward \u0432 \u043e\u043d\u043b\u0430\u0439\u043d \u043a\u0430\u0437\u0438\u043d\u043e","description":"Como jogar e ganhar no jogo online Skyward. Reunimos todas as informa\u00e7\u00f5es sobre as regras do jogo que o ajudar\u00e3o a ganhar e ganhar uma grande quantia de dinheiro.","robots":{"index":"index","follow":"follow","max-snippet":"max-snippet:-1","max-image-preview":"max-image-preview:large","max-video-preview":"max-video-preview:-1"},"canonical":"https:\/\/skywardsoft.com\/pt\/rules-of-the-skyward-crash-slot-game\/","og_locale":"pt_PT","og_type":"article","og_title":"\u041f\u0440\u0430\u0432\u0438\u043b\u0430 \u043a\u0440\u0430\u0448 \u0438\u0433\u0440\u044b Skyward \u0432 \u043e\u043d\u043b\u0430\u0439\u043d \u043a\u0430\u0437\u0438\u043d\u043e","og_description":"\u041a\u0430\u043a \u0438\u0433\u0440\u0430\u0442\u044c \u0438 \u043f\u043e\u0431\u0435\u0436\u0434\u0430\u0442\u044c \u0432 \u043e\u043d\u043b\u0430\u0439\u043d \u0438\u0433\u0440\u0435 Skyward. \u041c\u044b \u0441\u043e\u0431\u0440\u0430\u043b\u0438 \u0432\u0441\u044e \u0438\u043d\u0444\u043e\u0440\u043c\u0430\u0446\u0438\u044e \u043e \u043f\u0440\u0430\u0432\u0438\u043b\u0430\u0445 \u0438\u0433\u0440\u044b, \u043a\u043e\u0442\u043e\u0440\u044b\u0435 \u043f\u043e\u043c\u043e\u0433\u0443\u0442 \u043f\u043e\u0431\u0435\u0434\u0438\u0442\u044c \u0438 \u0432\u044b\u0438\u0433\u0440\u0430\u0442\u044c \u043a\u0440\u0443\u043f\u043d\u0443\u044e \u0441\u0443\u043c\u043c\u0443 \u0434\u0435\u043d\u0435\u0433","og_url":"https:\/\/skywardsoft.com\/pt\/rules-of-the-skyward-crash-slot-game\/","og_site_name":"Skyward","article_modified_time":"2024-05-19T21:58:19+00:00","og_image":[{"width":519,"height":526,"url":"https:\/\/skywardsoft.com\/wp-content\/uploads\/image002.png","type":"image\/png"}],"twitter_card":"summary_large_image","twitter_misc":{"Tempo estimado de leitura":"14 minutos"},"schema":{"@context":"https:\/\/schema.org","@graph":[{"@type":"WebPage","@id":"https:\/\/skywardsoft.com\/rules-of-the-skyward-crash-slot-game\/","url":"https:\/\/skywardsoft.com\/rules-of-the-skyward-crash-slot-game\/","name":"\u041f\u0440\u0430\u0432\u0438\u043b\u0430 \u043a\u0440\u0430\u0448 \u0438\u0433\u0440\u044b Skyward \u0432 \u043e\u043d\u043b\u0430\u0439\u043d \u043a\u0430\u0437\u0438\u043d\u043e","isPartOf":{"@id":"https:\/\/skywardsoft.com\/#website"},"primaryImageOfPage":{"@id":"https:\/\/skywardsoft.com\/rules-of-the-skyward-crash-slot-game\/#primaryimage"},"image":{"@id":"https:\/\/skywardsoft.com\/rules-of-the-skyward-crash-slot-game\/#primaryimage"},"thumbnailUrl":"https:\/\/skywardsoft.com\/wp-content\/uploads\/image002.png","datePublished":"2024-03-24T18:37:19+00:00","dateModified":"2024-05-19T21:58:19+00:00","description":"\u041a\u0430\u043a \u0438\u0433\u0440\u0430\u0442\u044c \u0438 \u043f\u043e\u0431\u0435\u0436\u0434\u0430\u0442\u044c \u0432 \u043e\u043d\u043b\u0430\u0439\u043d \u0438\u0433\u0440\u0435 Skyward. \u041c\u044b \u0441\u043e\u0431\u0440\u0430\u043b\u0438 \u0432\u0441\u044e \u0438\u043d\u0444\u043e\u0440\u043c\u0430\u0446\u0438\u044e \u043e \u043f\u0440\u0430\u0432\u0438\u043b\u0430\u0445 \u0438\u0433\u0440\u044b, \u043a\u043e\u0442\u043e\u0440\u044b\u0435 \u043f\u043e\u043c\u043e\u0433\u0443\u0442 \u043f\u043e\u0431\u0435\u0434\u0438\u0442\u044c \u0438 \u0432\u044b\u0438\u0433\u0440\u0430\u0442\u044c \u043a\u0440\u0443\u043f\u043d\u0443\u044e \u0441\u0443\u043c\u043c\u0443 \u0434\u0435\u043d\u0435\u0433","breadcrumb":{"@id":"https:\/\/skywardsoft.com\/rules-of-the-skyward-crash-slot-game\/#breadcrumb"},"inLanguage":"pt-PT","potentialAction":[{"@type":"ReadAction","target":["https:\/\/skywardsoft.com\/rules-of-the-skyward-crash-slot-game\/"]}]},{"@type":"ImageObject","inLanguage":"pt-PT","@id":"https:\/\/skywardsoft.com\/rules-of-the-skyward-crash-slot-game\/#primaryimage","url":"https:\/\/skywardsoft.com\/wp-content\/uploads\/image002.png","contentUrl":"https:\/\/skywardsoft.com\/wp-content\/uploads\/image002.png"},{"@type":"BreadcrumbList","@id":"https:\/\/skywardsoft.com\/rules-of-the-skyward-crash-slot-game\/#breadcrumb","itemListElement":[{"@type":"ListItem","position":1,"name":"\u0413\u043b\u0430\u0432\u043d\u0430\u044f \u0441\u0442\u0440\u0430\u043d\u0438\u0446\u0430","item":"https:\/\/skywardsoft.com\/"},{"@type":"ListItem","position":2,"name":"\u041f\u0440\u0430\u0432\u0438\u043b\u0430 \u0438\u0433\u0440\u044b \u043a\u0440\u0430\u0448 \u0441\u043b\u043e\u0442\u0430 Skyward"}]},{"@type":"WebSite","@id":"https:\/\/skywardsoft.com\/#website","url":"https:\/\/skywardsoft.com\/","name":"Skyward","description":"","potentialAction":[{"@type":"SearchAction","target":{"@type":"EntryPoint","urlTemplate":"https:\/\/skywardsoft.com\/?s={search_term_string}"},"query-input":{"@type":"PropertyValueSpecification","valueRequired":true,"valueName":"search_term_string"}}],"inLanguage":"pt-PT"}]}},"_links":{"self":[{"href":"https:\/\/skywardsoft.com\/pt\/wp-json\/wp\/v2\/pages\/8","targetHints":{"allow":["GET"]}}],"collection":[{"href":"https:\/\/skywardsoft.com\/pt\/wp-json\/wp\/v2\/pages"}],"about":[{"href":"https:\/\/skywardsoft.com\/pt\/wp-json\/wp\/v2\/types\/page"}],"author":[{"embeddable":true,"href":"https:\/\/skywardsoft.com\/pt\/wp-json\/wp\/v2\/users\/1"}],"replies":[{"embeddable":true,"href":"https:\/\/skywardsoft.com\/pt\/wp-json\/wp\/v2\/comments?post=8"}],"version-history":[{"count":12,"href":"https:\/\/skywardsoft.com\/pt\/wp-json\/wp\/v2\/pages\/8\/revisions"}],"predecessor-version":[{"id":49,"href":"https:\/\/skywardsoft.com\/pt\/wp-json\/wp\/v2\/pages\/8\/revisions\/49"}],"wp:attachment":[{"href":"https:\/\/skywardsoft.com\/pt\/wp-json\/wp\/v2\/media?parent=8"}],"curies":[{"name":"wp","href":"https:\/\/api.w.org\/{rel}","templated":true}]}}