{"id":10,"date":"2024-03-24T21:49:45","date_gmt":"2024-03-24T18:49:45","guid":{"rendered":"https:\/\/skywardsoft.com\/?page_id=10"},"modified":"2024-05-20T00:56:32","modified_gmt":"2024-05-19T21:56:32","slug":"about-the-skyward-game","status":"publish","type":"page","link":"https:\/\/skywardsoft.com\/pt\/","title":{"rendered":"Sobre o Jogo Skyward"},"content":{"rendered":"<p>Skyward \u00e9 um jogo online onde os jogadores fazem apostas antes da decolagem de um objeto voador, visando sacar no momento certo e alcan\u00e7ar ganhos m\u00e1ximos.<\/p>\n<h2><strong>PROCESSO DE JOGO<\/strong><\/h2>\n<p>Os jogadores fazem apostas antes da decolagem do objeto voador. O multiplicador come\u00e7a em 1.00 e aumenta gradualmente \u00e0 medida que o objeto voa. O objetivo \u00e9 sacar antes que o objeto voe para longe para garantir uma vit\u00f3ria.<br \/>\nNas jurisdi\u00e7\u00f5es aplic\u00e1veis, os jogadores t\u00eam a op\u00e7\u00e3o de configurar o recurso de Reprodu\u00e7\u00e3o Autom\u00e1tica, permitindo automatizar o jogo com base em vari\u00e1veis predefinidas.<\/p>\n<h2><strong>Como Fazer uma Aposta?<\/strong><\/h2>\n<ol>\n<li>Acesse sua conta.<\/li>\n<li>Se necess\u00e1rio, abaste\u00e7a sua conta de jogo.<\/li>\n<li>Selecione o valor e clique no bot\u00e3o &#8220;Fazer Aposta&#8221;.<br \/>\n<img loading=\"lazy\" decoding=\"async\" class=\"alignnone size-full wp-image-32\" src=\"https:\/\/skywardsoft.com\/wp-content\/uploads\/image002.jpg\" alt=\"\" width=\"519\" height=\"271\" \/><\/li>\n<li>Voc\u00ea pode fazer at\u00e9 duas apostas em cada rodada: escolha um valor pr\u00e9-definido no painel de apostas ou adicione seu pr\u00f3prio valor e clique no bot\u00e3o &#8220;Fazer Aposta&#8221;.<br \/>\n<img loading=\"lazy\" decoding=\"async\" class=\"alignnone size-full wp-image-33\" src=\"https:\/\/skywardsoft.com\/wp-content\/uploads\/image004.jpg\" alt=\"\" width=\"515\" height=\"532\" \/><\/li>\n<li>Durante uma rodada ativa, clique no bot\u00e3o &#8220;Sacar&#8221; para reivindicar seus ganhos.<\/li>\n<\/ol>\n<h2><strong>Reprodu\u00e7\u00e3o Autom\u00e1tica e Saque Autom\u00e1tico<\/strong><\/h2>\n<ul>\n<li>Selecione o valor e clique no bot\u00e3o &#8220;Reprodu\u00e7\u00e3o Autom\u00e1tica&#8221;, suas apostas ser\u00e3o feitas automaticamente.<\/li>\n<li>Para sacar, clique no bot\u00e3o &#8220;Sacar&#8221; em cada rodada, ou ative o &#8220;Saque Autom\u00e1tico&#8221; se desejar que as apostas sejam sacadas automaticamente.<br \/>\n<img loading=\"lazy\" decoding=\"async\" class=\"alignnone size-full wp-image-34\" src=\"https:\/\/skywardsoft.com\/wp-content\/uploads\/image006.jpg\" alt=\"\" width=\"519\" height=\"266\" \/><br \/>\n<img loading=\"lazy\" decoding=\"async\" class=\"alignnone size-full wp-image-35\" src=\"https:\/\/skywardsoft.com\/wp-content\/uploads\/image008.jpg\" alt=\"\" width=\"519\" height=\"707\" \/><\/li>\n<li>Ative a op\u00e7\u00e3o &#8220;Saque Autom\u00e1tico&#8221; e selecione um multiplicador para o saque autom\u00e1tico ao atingir o multiplicador especificado.<img loading=\"lazy\" decoding=\"async\" class=\"alignnone size-full wp-image-36\" src=\"https:\/\/skywardsoft.com\/wp-content\/uploads\/image010.jpg\" alt=\"\" width=\"519\" height=\"268\" \/><br \/>\n<img loading=\"lazy\" decoding=\"async\" class=\"alignnone size-full wp-image-37\" src=\"https:\/\/skywardsoft.com\/wp-content\/uploads\/image012.jpg\" alt=\"\" width=\"518\" height=\"570\" \/><\/li>\n<li>Sua aposta \u00e9 perdida se voc\u00ea n\u00e3o clicar no bot\u00e3o &#8220;Sacar&#8221; antes que o avi\u00e3o voe para longe.<br \/>\n<img loading=\"lazy\" decoding=\"async\" class=\"alignnone size-full wp-image-38\" src=\"https:\/\/skywardsoft.com\/wp-content\/uploads\/image014.png\" alt=\"\" width=\"519\" height=\"256\" \/><\/li>\n<\/ul>\n<p>Como Verificar os Resultados e o Hist\u00f3rico de Apostas?<br \/>\nCada rodada tem um n\u00famero \u00fanico, e seus resultados podem ser encontrados na p\u00e1gina &#8220;Resultados&#8221;.<\/p>\n<p><img loading=\"lazy\" decoding=\"async\" class=\"alignnone size-full wp-image-28\" src=\"https:\/\/skywardsoft.com\/wp-content\/uploads\/image016.jpg\" alt=\"\" width=\"519\" height=\"52\" \/><br \/>\n<img loading=\"lazy\" decoding=\"async\" class=\"alignnone size-full wp-image-29\" src=\"https:\/\/skywardsoft.com\/wp-content\/uploads\/image018.jpg\" alt=\"\" width=\"519\" height=\"433\" \/><br \/>\nVoc\u00ea pode verificar o hist\u00f3rico de suas apostas na p\u00e1gina &#8220;Hist\u00f3rico de Apostas&#8221;.<\/p>\n<p><img loading=\"lazy\" decoding=\"async\" class=\"alignnone size-full wp-image-30\" src=\"https:\/\/skywardsoft.com\/wp-content\/uploads\/image020.jpg\" alt=\"\" width=\"519\" height=\"52\" \/><br \/>\n<img loading=\"lazy\" decoding=\"async\" class=\"alignnone size-full wp-image-31\" src=\"https:\/\/skywardsoft.com\/wp-content\/uploads\/image022.jpg\" alt=\"\" width=\"518\" height=\"376\" \/><\/p>\n<h2><strong>Pol\u00edtica de Desconex\u00e3o<\/strong><\/h2>\n<p>No caso de um jogador desconectar da rede durante uma aposta ativa:<\/p>\n<ol>\n<li>A aposta ativa continuar\u00e1 at\u00e9 que a rodada atual seja conclu\u00edda. Se o jogador retornar antes do t\u00e9rmino da rodada, eles ter\u00e3o a oportunidade de sacar manualmente seus ganhos. Caso contr\u00e1rio, a aposta continuar\u00e1 at\u00e9 ser perdida ou alcan\u00e7ar o m\u00e1ximo de ganho definido pelo jogador usando o recurso &#8220;Reprodu\u00e7\u00e3o Autom\u00e1tica&#8221;.<\/li>\n<li>Se o recurso &#8220;Reprodu\u00e7\u00e3o Autom\u00e1tica&#8221; estiver habilitado, os ganhos ser\u00e3o recebidos automaticamente ao atingir o multiplicador especificado durante o jogo. O valor dos ganhos ser\u00e1 creditado no saldo do jogador.<\/li>\n<\/ol>\n<h2><strong>Gerador de N\u00fameros Aleat\u00f3rios Certificado<\/strong><\/h2>\n<p>Nosso GNA, utilizando um algoritmo confi\u00e1vel, gera consistentemente n\u00fameros aleat\u00f3rios que atendem a rigorosos crit\u00e9rios estat\u00edsticos de aleatoriedade pela BMM, garantindo sua m\u00e1xima imprevisibilidade.<\/p>\n","protected":false},"excerpt":{"rendered":"<p>Skyward \u00e9 um jogo online onde os jogadores fazem apostas antes da decolagem de um objeto voador, visando sacar no momento certo e alcan\u00e7ar ganhos m\u00e1ximos. PROCESSO DE JOGO Os jogadores fazem apostas antes da decolagem do objeto voador. O multiplicador come\u00e7a em 1.00 e aumenta gradualmente \u00e0 medida que o objeto voa. O objetivo [&hellip;]<\/p>\n","protected":false},"author":1,"featured_media":0,"parent":0,"menu_order":0,"comment_status":"closed","ping_status":"closed","template":"","meta":{"footnotes":""},"class_list":["post-10","page","type-page","status-publish","hentry"],"yoast_head":"<!-- This site is optimized with the Yoast SEO plugin v27.2 - https:\/\/yoast.com\/product\/yoast-seo-wordpress\/ -->\n<title>\u0418\u0433\u0440\u0430\u0442\u044c \u0432 \u043a\u0440\u0430\u0448 \u0438\u0433\u0440\u0443 Skyward \u043d\u0430 \u0440\u0435\u0430\u043b\u044c\u043d\u044b\u0435 \u0434\u0435\u043d\u044c\u0433\u0438 \u0432 \u043e\u043d\u043b\u0430\u0439\u043d \u043a\u0430\u0437\u0438\u043d\u043e<\/title>\n<meta name=\"description\" content=\"Jogue e ganhe no jogo online Skyward. Regras do jogo, baixe o aplicativo, perguntas frequentes, avalia\u00e7\u00f5es de jogadores, jogue de gra\u00e7a, estrat\u00e9gias e t\u00e1ticas\" \/>\n<meta name=\"robots\" content=\"index, follow, max-snippet:-1, max-image-preview:large, max-video-preview:-1\" \/>\n<link rel=\"canonical\" href=\"https:\/\/skywardsoft.com\/pt\/\" \/>\n<meta property=\"og:locale\" content=\"pt_PT\" \/>\n<meta property=\"og:locale:alternate\" content=\"ru_RU\" \/>\n<meta property=\"og:locale:alternate\" content=\"en_US\" \/>\n<meta property=\"og:locale:alternate\" content=\"es_ES\" \/>\n<meta property=\"og:type\" content=\"article\" \/>\n<meta property=\"og:title\" content=\"\u0418\u0433\u0440\u0430\u0442\u044c \u0432 \u043a\u0440\u0430\u0448 \u0438\u0433\u0440\u0443 Skyward \u043d\u0430 \u0440\u0435\u0430\u043b\u044c\u043d\u044b\u0435 \u0434\u0435\u043d\u044c\u0433\u0438 \u0432 \u043e\u043d\u043b\u0430\u0439\u043d \u043a\u0430\u0437\u0438\u043d\u043e\" \/>\n<meta property=\"og:description\" content=\"\u0418\u0433\u0440\u0430\u0442\u044c \u0438 \u043f\u043e\u0431\u0435\u0436\u0434\u0430\u0442\u044c \u0432 \u043e\u043d\u043b\u0430\u0439\u043d \u0438\u0433\u0440\u0435 Skyward. \u041f\u0440\u0430\u0432\u0438\u043b\u0430 \u0438\u0433\u0440\u044b, \u0441\u043a\u0430\u0447\u0430\u0442\u044c \u043f\u0440\u0438\u043b\u043e\u0436\u0435\u043d\u0438\u0435, \u0447\u0430\u0441\u0442\u043e \u0437\u0430\u0434\u0430\u0432\u0430\u0435\u043c\u044b\u0435 \u0432\u043e\u043f\u0440\u043e\u0441\u044b, \u043e\u0442\u0437\u044b\u0432\u044b \u0438\u0433\u0440\u043e\u043a\u043e\u0432, \u0438\u0433\u0440\u0430\u0442\u044c \u0431\u0435\u0441\u043f\u043b\u0430\u0442\u043d\u043e, \u0441\u0442\u0440\u0430\u0442\u0435\u0433\u0438\u0438 \u0438 \u0442\u0430\u043a\u0442\u0438\u043a\u0438\" \/>\n<meta property=\"og:url\" content=\"https:\/\/skywardsoft.com\/pt\/\" \/>\n<meta property=\"og:site_name\" content=\"Skyward\" \/>\n<meta property=\"article:modified_time\" content=\"2024-05-19T21:56:32+00:00\" \/>\n<meta property=\"og:image\" content=\"https:\/\/skywardsoft.com\/wp-content\/uploads\/image002.jpg\" \/>\n\t<meta property=\"og:image:width\" content=\"519\" \/>\n\t<meta property=\"og:image:height\" content=\"271\" \/>\n\t<meta property=\"og:image:type\" content=\"image\/jpeg\" \/>\n<meta name=\"twitter:card\" content=\"summary_large_image\" \/>\n<meta name=\"twitter:label1\" content=\"Tempo estimado de leitura\" \/>\n\t<meta name=\"twitter:data1\" content=\"7 minutos\" \/>\n<script type=\"application\/ld+json\" class=\"yoast-schema-graph\">{\"@context\":\"https:\/\/schema.org\",\"@graph\":[{\"@type\":\"WebPage\",\"@id\":\"https:\/\/skywardsoft.com\/\",\"url\":\"https:\/\/skywardsoft.com\/\",\"name\":\"\u0418\u0433\u0440\u0430\u0442\u044c \u0432 \u043a\u0440\u0430\u0448 \u0438\u0433\u0440\u0443 Skyward \u043d\u0430 \u0440\u0435\u0430\u043b\u044c\u043d\u044b\u0435 \u0434\u0435\u043d\u044c\u0433\u0438 \u0432 \u043e\u043d\u043b\u0430\u0439\u043d \u043a\u0430\u0437\u0438\u043d\u043e\",\"isPartOf\":{\"@id\":\"https:\/\/skywardsoft.com\/#website\"},\"primaryImageOfPage\":{\"@id\":\"https:\/\/skywardsoft.com\/#primaryimage\"},\"image\":{\"@id\":\"https:\/\/skywardsoft.com\/#primaryimage\"},\"thumbnailUrl\":\"https:\/\/skywardsoft.com\/wp-content\/uploads\/image002.jpg\",\"datePublished\":\"2024-03-24T18:49:45+00:00\",\"dateModified\":\"2024-05-19T21:56:32+00:00\",\"description\":\"\u0418\u0433\u0440\u0430\u0442\u044c \u0438 \u043f\u043e\u0431\u0435\u0436\u0434\u0430\u0442\u044c \u0432 \u043e\u043d\u043b\u0430\u0439\u043d \u0438\u0433\u0440\u0435 Skyward. \u041f\u0440\u0430\u0432\u0438\u043b\u0430 \u0438\u0433\u0440\u044b, \u0441\u043a\u0430\u0447\u0430\u0442\u044c \u043f\u0440\u0438\u043b\u043e\u0436\u0435\u043d\u0438\u0435, \u0447\u0430\u0441\u0442\u043e \u0437\u0430\u0434\u0430\u0432\u0430\u0435\u043c\u044b\u0435 \u0432\u043e\u043f\u0440\u043e\u0441\u044b, \u043e\u0442\u0437\u044b\u0432\u044b \u0438\u0433\u0440\u043e\u043a\u043e\u0432, \u0438\u0433\u0440\u0430\u0442\u044c \u0431\u0435\u0441\u043f\u043b\u0430\u0442\u043d\u043e, \u0441\u0442\u0440\u0430\u0442\u0435\u0433\u0438\u0438 \u0438 \u0442\u0430\u043a\u0442\u0438\u043a\u0438\",\"breadcrumb\":{\"@id\":\"https:\/\/skywardsoft.com\/#breadcrumb\"},\"inLanguage\":\"pt-PT\",\"potentialAction\":[{\"@type\":\"ReadAction\",\"target\":[\"https:\/\/skywardsoft.com\/\"]}]},{\"@type\":\"ImageObject\",\"inLanguage\":\"pt-PT\",\"@id\":\"https:\/\/skywardsoft.com\/#primaryimage\",\"url\":\"https:\/\/skywardsoft.com\/wp-content\/uploads\/image002.jpg\",\"contentUrl\":\"https:\/\/skywardsoft.com\/wp-content\/uploads\/image002.jpg\"},{\"@type\":\"BreadcrumbList\",\"@id\":\"https:\/\/skywardsoft.com\/#breadcrumb\",\"itemListElement\":[{\"@type\":\"ListItem\",\"position\":1,\"name\":\"\u0413\u043b\u0430\u0432\u043d\u0430\u044f \u0441\u0442\u0440\u0430\u043d\u0438\u0446\u0430\",\"item\":\"https:\/\/skywardsoft.com\/\"},{\"@type\":\"ListItem\",\"position\":2,\"name\":\"\u041e\u0431 \u0438\u0433\u0440\u0435 Skyward\"}]},{\"@type\":\"WebSite\",\"@id\":\"https:\/\/skywardsoft.com\/#website\",\"url\":\"https:\/\/skywardsoft.com\/\",\"name\":\"Skyward\",\"description\":\"\",\"potentialAction\":[{\"@type\":\"SearchAction\",\"target\":{\"@type\":\"EntryPoint\",\"urlTemplate\":\"https:\/\/skywardsoft.com\/?s={search_term_string}\"},\"query-input\":{\"@type\":\"PropertyValueSpecification\",\"valueRequired\":true,\"valueName\":\"search_term_string\"}}],\"inLanguage\":\"pt-PT\"}]}<\/script>\n<!-- \/ Yoast SEO plugin. -->","yoast_head_json":{"title":"\u0418\u0433\u0440\u0430\u0442\u044c \u0432 \u043a\u0440\u0430\u0448 \u0438\u0433\u0440\u0443 Skyward \u043d\u0430 \u0440\u0435\u0430\u043b\u044c\u043d\u044b\u0435 \u0434\u0435\u043d\u044c\u0433\u0438 \u0432 \u043e\u043d\u043b\u0430\u0439\u043d \u043a\u0430\u0437\u0438\u043d\u043e","description":"Jogue e ganhe no jogo online Skyward. Regras do jogo, baixe o aplicativo, perguntas frequentes, avalia\u00e7\u00f5es de jogadores, jogue de gra\u00e7a, estrat\u00e9gias e t\u00e1ticas","robots":{"index":"index","follow":"follow","max-snippet":"max-snippet:-1","max-image-preview":"max-image-preview:large","max-video-preview":"max-video-preview:-1"},"canonical":"https:\/\/skywardsoft.com\/pt\/","og_locale":"pt_PT","og_type":"article","og_title":"\u0418\u0433\u0440\u0430\u0442\u044c \u0432 \u043a\u0440\u0430\u0448 \u0438\u0433\u0440\u0443 Skyward \u043d\u0430 \u0440\u0435\u0430\u043b\u044c\u043d\u044b\u0435 \u0434\u0435\u043d\u044c\u0433\u0438 \u0432 \u043e\u043d\u043b\u0430\u0439\u043d \u043a\u0430\u0437\u0438\u043d\u043e","og_description":"\u0418\u0433\u0440\u0430\u0442\u044c \u0438 \u043f\u043e\u0431\u0435\u0436\u0434\u0430\u0442\u044c \u0432 \u043e\u043d\u043b\u0430\u0439\u043d \u0438\u0433\u0440\u0435 Skyward. \u041f\u0440\u0430\u0432\u0438\u043b\u0430 \u0438\u0433\u0440\u044b, \u0441\u043a\u0430\u0447\u0430\u0442\u044c \u043f\u0440\u0438\u043b\u043e\u0436\u0435\u043d\u0438\u0435, \u0447\u0430\u0441\u0442\u043e \u0437\u0430\u0434\u0430\u0432\u0430\u0435\u043c\u044b\u0435 \u0432\u043e\u043f\u0440\u043e\u0441\u044b, \u043e\u0442\u0437\u044b\u0432\u044b \u0438\u0433\u0440\u043e\u043a\u043e\u0432, \u0438\u0433\u0440\u0430\u0442\u044c \u0431\u0435\u0441\u043f\u043b\u0430\u0442\u043d\u043e, \u0441\u0442\u0440\u0430\u0442\u0435\u0433\u0438\u0438 \u0438 \u0442\u0430\u043a\u0442\u0438\u043a\u0438","og_url":"https:\/\/skywardsoft.com\/pt\/","og_site_name":"Skyward","article_modified_time":"2024-05-19T21:56:32+00:00","og_image":[{"width":519,"height":271,"url":"https:\/\/skywardsoft.com\/wp-content\/uploads\/image002.jpg","type":"image\/jpeg"}],"twitter_card":"summary_large_image","twitter_misc":{"Tempo estimado de leitura":"7 minutos"},"schema":{"@context":"https:\/\/schema.org","@graph":[{"@type":"WebPage","@id":"https:\/\/skywardsoft.com\/","url":"https:\/\/skywardsoft.com\/","name":"\u0418\u0433\u0440\u0430\u0442\u044c \u0432 \u043a\u0440\u0430\u0448 \u0438\u0433\u0440\u0443 Skyward \u043d\u0430 \u0440\u0435\u0430\u043b\u044c\u043d\u044b\u0435 \u0434\u0435\u043d\u044c\u0433\u0438 \u0432 \u043e\u043d\u043b\u0430\u0439\u043d \u043a\u0430\u0437\u0438\u043d\u043e","isPartOf":{"@id":"https:\/\/skywardsoft.com\/#website"},"primaryImageOfPage":{"@id":"https:\/\/skywardsoft.com\/#primaryimage"},"image":{"@id":"https:\/\/skywardsoft.com\/#primaryimage"},"thumbnailUrl":"https:\/\/skywardsoft.com\/wp-content\/uploads\/image002.jpg","datePublished":"2024-03-24T18:49:45+00:00","dateModified":"2024-05-19T21:56:32+00:00","description":"\u0418\u0433\u0440\u0430\u0442\u044c \u0438 \u043f\u043e\u0431\u0435\u0436\u0434\u0430\u0442\u044c \u0432 \u043e\u043d\u043b\u0430\u0439\u043d \u0438\u0433\u0440\u0435 Skyward. \u041f\u0440\u0430\u0432\u0438\u043b\u0430 \u0438\u0433\u0440\u044b, \u0441\u043a\u0430\u0447\u0430\u0442\u044c \u043f\u0440\u0438\u043b\u043e\u0436\u0435\u043d\u0438\u0435, \u0447\u0430\u0441\u0442\u043e \u0437\u0430\u0434\u0430\u0432\u0430\u0435\u043c\u044b\u0435 \u0432\u043e\u043f\u0440\u043e\u0441\u044b, \u043e\u0442\u0437\u044b\u0432\u044b \u0438\u0433\u0440\u043e\u043a\u043e\u0432, \u0438\u0433\u0440\u0430\u0442\u044c \u0431\u0435\u0441\u043f\u043b\u0430\u0442\u043d\u043e, \u0441\u0442\u0440\u0430\u0442\u0435\u0433\u0438\u0438 \u0438 \u0442\u0430\u043a\u0442\u0438\u043a\u0438","breadcrumb":{"@id":"https:\/\/skywardsoft.com\/#breadcrumb"},"inLanguage":"pt-PT","potentialAction":[{"@type":"ReadAction","target":["https:\/\/skywardsoft.com\/"]}]},{"@type":"ImageObject","inLanguage":"pt-PT","@id":"https:\/\/skywardsoft.com\/#primaryimage","url":"https:\/\/skywardsoft.com\/wp-content\/uploads\/image002.jpg","contentUrl":"https:\/\/skywardsoft.com\/wp-content\/uploads\/image002.jpg"},{"@type":"BreadcrumbList","@id":"https:\/\/skywardsoft.com\/#breadcrumb","itemListElement":[{"@type":"ListItem","position":1,"name":"\u0413\u043b\u0430\u0432\u043d\u0430\u044f \u0441\u0442\u0440\u0430\u043d\u0438\u0446\u0430","item":"https:\/\/skywardsoft.com\/"},{"@type":"ListItem","position":2,"name":"\u041e\u0431 \u0438\u0433\u0440\u0435 Skyward"}]},{"@type":"WebSite","@id":"https:\/\/skywardsoft.com\/#website","url":"https:\/\/skywardsoft.com\/","name":"Skyward","description":"","potentialAction":[{"@type":"SearchAction","target":{"@type":"EntryPoint","urlTemplate":"https:\/\/skywardsoft.com\/?s={search_term_string}"},"query-input":{"@type":"PropertyValueSpecification","valueRequired":true,"valueName":"search_term_string"}}],"inLanguage":"pt-PT"}]}},"_links":{"self":[{"href":"https:\/\/skywardsoft.com\/pt\/wp-json\/wp\/v2\/pages\/10","targetHints":{"allow":["GET"]}}],"collection":[{"href":"https:\/\/skywardsoft.com\/pt\/wp-json\/wp\/v2\/pages"}],"about":[{"href":"https:\/\/skywardsoft.com\/pt\/wp-json\/wp\/v2\/types\/page"}],"author":[{"embeddable":true,"href":"https:\/\/skywardsoft.com\/pt\/wp-json\/wp\/v2\/users\/1"}],"replies":[{"embeddable":true,"href":"https:\/\/skywardsoft.com\/pt\/wp-json\/wp\/v2\/comments?post=10"}],"version-history":[{"count":13,"href":"https:\/\/skywardsoft.com\/pt\/wp-json\/wp\/v2\/pages\/10\/revisions"}],"predecessor-version":[{"id":48,"href":"https:\/\/skywardsoft.com\/pt\/wp-json\/wp\/v2\/pages\/10\/revisions\/48"}],"wp:attachment":[{"href":"https:\/\/skywardsoft.com\/pt\/wp-json\/wp\/v2\/media?parent=10"}],"curies":[{"name":"wp","href":"https:\/\/api.w.org\/{rel}","templated":true}]}}