{"id":8,"date":"2024-03-24T21:37:19","date_gmt":"2024-03-24T18:37:19","guid":{"rendered":"https:\/\/skywardsoft.com\/?page_id=8"},"modified":"2024-05-20T00:58:19","modified_gmt":"2024-05-19T21:58:19","slug":"rules-of-the-skyward-crash-slot-game","status":"publish","type":"page","link":"https:\/\/skywardsoft.com\/es\/rules-of-the-skyward-crash-slot-game\/","title":{"rendered":"Reglas del juego de slot crash Skyward"},"content":{"rendered":"<ol>\n<li><b> T\u00e9rminos y Definiciones:<\/b><span style=\"font-weight: 400;\"><br \/>\n<\/span><span style=\"font-weight: 400;\">  1.1. <\/span><b>Objeto Volador:<\/b><span style=\"font-weight: 400;\"> Un objeto que despega en el aire basado en las apuestas de los jugadores.<\/span><span style=\"font-weight: 400;\"><br \/>\n<\/span><span style=\"font-weight: 400;\">  1.2. <\/span><b>Multiplicador:<\/b><span style=\"font-weight: 400;\"> Un valor que comienza en 1.00 y aumenta gradualmente a medida que el objeto vuela.<\/span><span style=\"font-weight: 400;\"><br \/>\n<\/span><span style=\"font-weight: 400;\">   1.3. <\/span><b>Cobro:<\/b><span style=\"font-weight: 400;\"> La acci\u00f3n de retirar las ganancias con el valor del multiplicador elegido antes de que el objeto volador se aleje.<\/span><span style=\"font-weight: 400;\"><br \/>\n<\/span><span style=\"font-weight: 400;\">   1.4. <\/span><b>Juego Autom\u00e1tico:<\/b><span style=\"font-weight: 400;\"> Una funci\u00f3n que permite a los jugadores en jurisdicciones aplicables automatizar su juego en funci\u00f3n de variables predefinidas.<\/span><\/li>\n<li><b> Reglas:<\/b><span style=\"font-weight: 400;\"><br \/>\n<\/span><span style=\"font-weight: 400;\">  2.1. <\/span><b>Apuestas:<\/b><span style=\"font-weight: 400;\"> Los jugadores colocan sus apuestas antes del despegue del objeto volador. Las apuestas deben hacerse antes del inicio de la ronda, de lo contrario, se trasladar\u00e1n a la siguiente ronda.<\/span><span style=\"font-weight: 400;\"><br \/>\n<\/span><span style=\"font-weight: 400;\">  2.2. <\/span><b>Progresi\u00f3n del Multiplicador:<\/b><span style=\"font-weight: 400;\"> El multiplicador comienza en 1.00 y aumenta a medida que progresa el Objeto Volador.<\/span><span style=\"font-weight: 400;\"><br \/>\n<\/span><span style=\"font-weight: 400;\">   2.3. <\/span><b>Cobro:<\/b><span style=\"font-weight: 400;\"> Los jugadores intentan cobrar en el momento adecuado para maximizar sus ganancias. El monto de la ganancia se calcula multiplicando el multiplicador en el momento del cobro por el monto inicial de la apuesta. El operador puede desactivar la funci\u00f3n de cobro al inicio del juego, especialmente cuando el multiplicador es muy bajo, para evitar que el monto del pago caiga por debajo de la apuesta inicial, lo que puede suceder debido a las reglas fiscales en la jurisdicci\u00f3n respectiva del jugador.<\/span><span style=\"font-weight: 400;\"><br \/>\n<\/span><span style=\"font-weight: 400;\">   2.4. <\/span><b>Pagos:<\/b><span style=\"font-weight: 400;\"> Los jugadores deben entender que el monto de la ganancia puede no ser el resultado exacto de multiplicar el multiplicador y la apuesta realizada, ya que el monto final puede estar sujeto a deducciones fiscales dependiendo de la jurisdicci\u00f3n del jugador.<\/span><span style=\"font-weight: 400;\"><br \/>\n<\/span><span style=\"font-weight: 400;\">   2.5. <\/span><b>Objetivo:<\/b><span style=\"font-weight: 400;\"> El objetivo es cobrar antes de que el objeto volador se aleje. De lo contrario, la apuesta se perder\u00e1.<\/span><span style=\"font-weight: 400;\"><br \/>\n<\/span><span style=\"font-weight: 400;\">   2.6. <\/span><b>Funci\u00f3n de Juego Autom\u00e1tico:<\/b><span style=\"font-weight: 400;\"> Los jugadores pueden usar la funci\u00f3n de Juego Autom\u00e1tico para automatizar su juego en las jurisdicciones aplicables. Pueden establecer el monto de la apuesta, definir el umbral de cobro autom\u00e1tico y especificar la cantidad de rondas a jugar.<\/span><span style=\"font-weight: 400;\"><br \/>\n<\/span><span style=\"font-weight: 400;\">   2.7. <\/span><b>Condiciones para Detener el Juego Autom\u00e1tico:<\/b><span style=\"font-weight: 400;\"> El Juego Autom\u00e1tico se detiene bajo las siguientes condiciones:<\/span><span style=\"font-weight: 400;\"><br \/>\n<\/span><span style=\"font-weight: 400;\">      2.7.1. El juego se detiene cuando se alcanza un cierto nivel de ganancias, basado en un aumento predefinido en el saldo del jugador. Este nivel es establecido por el jugador durante la configuraci\u00f3n del Juego Autom\u00e1tico.<\/span><span style=\"font-weight: 400;\"><br \/>\n<\/span><span style=\"font-weight: 400;\">      2.7.2. El juego se detiene si el saldo del jugador alcanza un nivel de p\u00e9rdida predefinido. Este nivel es establecido por el jugador durante la configuraci\u00f3n del Juego Autom\u00e1tico.<\/span><span style=\"font-weight: 400;\"><br \/>\n<\/span><span style=\"font-weight: 400;\">      2.7.3. El juego se detiene cuando el jugador acumula una cantidad predefinida de ganancias en una sola ronda, seg\u00fan lo determinado por la configuraci\u00f3n del Juego Autom\u00e1tico del jugador.<\/span><span style=\"font-weight: 400;\"><br \/>\n<\/span><span style=\"font-weight: 400;\">   2.8. <\/span><b>Jurisdicciones Restringidas:<\/b><span style=\"font-weight: 400;\"> En jurisdicciones donde el uso de la funci\u00f3n de Juego Autom\u00e1tico est\u00e1 prohibido, esta funci\u00f3n se desactivar\u00e1 y no estar\u00e1 disponible para los jugadores para cumplir con las reglas y restricciones locales.<\/span><span style=\"font-weight: 400;\"><br \/>\n<\/span><span style=\"font-weight: 400;\">   2.9. <\/span><b>Apuestas Dobles Simult\u00e1neas:<\/b><span style=\"font-weight: 400;\"> Los jugadores pueden colocar apuestas en dos ventanas activas simult\u00e1neamente. Estas ventanas son id\u00e9nticas en funcionalidad y operan independientemente una de la otra.<br \/>\n<img loading=\"lazy\" decoding=\"async\" class=\"alignnone size-full wp-image-25\" src=\"https:\/\/skywardsoft.com\/wp-content\/uploads\/image002.png\" alt=\"\" width=\"519\" height=\"526\" \/><\/span><span style=\"font-weight: 400;\"><br \/>\n<\/span><span style=\"font-weight: 400;\">  <\/span><\/li>\n<li><b> Proceso de Juego:<\/b><span style=\"font-weight: 400;\"><br \/>\n<\/span><span style=\"font-weight: 400;\">  3.1. <\/span><b>Ronda de Apuestas:<\/b><span style=\"font-weight: 400;\"> Antes del despegue del objeto volador, se lleva a cabo una ronda de apuestas. Los jugadores pueden realizar apuestas en los resultados disponibles de la pr\u00f3xima ronda.<\/span><\/li>\n<li><b> L\u00edmites:<\/b><span style=\"font-weight: 400;\"><br \/>\n<\/span><span style=\"font-weight: 400;\">  4.1. Las ganancias m\u00e1ximas, as\u00ed como los l\u00edmites m\u00e1ximos y m\u00ednimos de apuestas, son determinados por el operador del juego.<\/span><span style=\"font-weight: 400;\"><br \/>\n<\/span><span style=\"font-weight: 400;\">  4.2. Si un jugador alcanza un multiplicador que resulta en ganancias iguales o superiores al monto m\u00e1ximo de ganancias establecido por el establecimiento de juego, recibir\u00e1 autom\u00e1ticamente el monto m\u00e1ximo de ganancias sin necesidad de cobrar, a menos que lo haya hecho antes de alcanzar la ganancia m\u00e1xima. En tales casos, los resultados de las apuestas mostrar\u00e1n un \u00edcono de informaci\u00f3n que indica que el jugador fue autom\u00e1ticamente cobrado debido a alcanzar la ganancia m\u00e1xima o el multiplicador m\u00e1ximo.<\/span><span style=\"font-weight: 400;\"><br \/>\n<\/span><span style=\"font-weight: 400;\">   4.3. Si un jugador establece un multiplicador de cobro autom\u00e1tico, el juego se cobrar\u00e1 autom\u00e1ticamente al cumplir con la condici\u00f3n especificada. La \u00fanica excepci\u00f3n es cuando el jugador cancela manualmente el cobro autom\u00e1tico presionando el bot\u00f3n de cobro antes.<\/span><\/li>\n<li><b> Casos Especiales:<\/b><span style=\"font-weight: 400;\"><br \/>\n<\/span><span style=\"font-weight: 400;\">  5.1. <\/span><b>Cancelaci\u00f3n de Rondas:<\/b><span style=\"font-weight: 400;\"> Las rondas pueden ser canceladas debido a problemas t\u00e9cnicos. En caso de cancelaci\u00f3n de una ronda, se reembolsar\u00e1 el monto de la apuesta del jugador (los multiplicadores se establecen en uno (1.00)). Si el jugador sali\u00f3 del juego antes de que se cancelara la ronda, recibir\u00e1 sus ganancias.<\/span><span style=\"font-weight: 400;\"><br \/>\n<\/span><span style=\"font-weight: 400;\">  5.2. <\/span><b>Desconexi\u00f3n del Jugador:<\/b><span style=\"font-weight: 400;\"> En caso de desconexi\u00f3n del jugador durante una apuesta activa:<\/span><span style=\"font-weight: 400;\"><br \/>\n<\/span><span style=\"font-weight: 400;\"><br \/>\n<\/span><span style=\"font-weight: 400;\">5.2.1. La apuesta activa continuar\u00e1 jugando hasta que la ronda actual se complete. Si el jugador regresa antes del final de la ronda, tiene la oportunidad de retirar manualmente sus ganancias. De lo contrario, la apuesta continuar\u00e1 hasta que pierda o alcance la ganancia m\u00e1xima establecida por el jugador usando la funci\u00f3n de Juego Autom\u00e1tico.<\/span><span style=\"font-weight: 400;\"><br \/>\n<\/span><span style=\"font-weight: 400;\">5.2.2. Si la funci\u00f3n de Juego Autom\u00e1tico est\u00e1 habilitada, las ganancias se recibir\u00e1n autom\u00e1ticamente al alcanzar el multiplicador especificado durante el juego. El monto del premio se acreditar\u00e1 en el saldo del jugador.<\/span><\/li>\n<li><b> Organizaci\u00f3n del Juego:<\/b><span style=\"font-weight: 400;\"><br \/>\n<\/span><span style=\"font-weight: 400;\">  6.1. El juego opera continuamente todos los d\u00edas, con pausas peri\u00f3dicas para mantenimiento seg\u00fan sea necesario.<\/span><span style=\"font-weight: 400;\"><br \/>\n<\/span><span style=\"font-weight: 400;\">  6.2. El multiplicador para cada ronda se genera utilizando la tecnolog\u00eda certificada de Generador de N\u00fameros Aleatorios (RNG), lo que garantiza justicia e imprevisibilidad.<\/span><\/li>\n<li><b> Informaci\u00f3n Adicional:<\/b><span style=\"font-weight: 400;\"><br \/>\n<\/span><span style=\"font-weight: 400;\">  7.1. Para la conveniencia de los jugadores, estas Reglas y Regulaciones se publican en varios idiomas. En caso de cualquier discrepancia entre las versiones en otros idiomas y la versi\u00f3n en ingl\u00e9s de estas Reglas y Regulaciones, prevalecer\u00e1 la versi\u00f3n en ingl\u00e9s.<\/span><span style=\"font-weight: 400;\"><br \/>\n<\/span><span style=\"font-weight: 400;\">  7.2. Los jugadores deben presentar reclamaciones sobre los resultados del juego o problemas t\u00e9cnicos al operador del juego dentro de los 30 (treinta) d\u00edas a partir de la fecha del respectivo sorteo. El per\u00edodo de reclamaci\u00f3n para los jugadores puede extenderse m\u00e1s all\u00e1 de los 30 d\u00edas si as\u00ed lo requieren las normas legales de la jurisdicci\u00f3n respectiva que regula las actividades del establecimiento de juegos.<\/span><\/li>\n<\/ol>\n","protected":false},"excerpt":{"rendered":"<p>T\u00e9rminos y Definiciones: 1.1. Objeto Volador: Un objeto que despega en el aire basado en las apuestas de los jugadores. 1.2. Multiplicador: Un valor que comienza en 1.00 y aumenta gradualmente a medida que el objeto vuela. 1.3. Cobro: La acci\u00f3n de retirar las ganancias con el valor del multiplicador elegido antes de que el [&hellip;]<\/p>\n","protected":false},"author":1,"featured_media":0,"parent":0,"menu_order":0,"comment_status":"closed","ping_status":"closed","template":"","meta":{"footnotes":""},"class_list":["post-8","page","type-page","status-publish","hentry"],"yoast_head":"<!-- This site is optimized with the Yoast SEO plugin v27.2 - https:\/\/yoast.com\/product\/yoast-seo-wordpress\/ -->\n<title>\u041f\u0440\u0430\u0432\u0438\u043b\u0430 \u043a\u0440\u0430\u0448 \u0438\u0433\u0440\u044b Skyward \u0432 \u043e\u043d\u043b\u0430\u0439\u043d \u043a\u0430\u0437\u0438\u043d\u043e<\/title>\n<meta name=\"description\" content=\"C\u00f3mo jugar y ganar en el juego en l\u00ednea Skyward. Hemos recopilado toda la informaci\u00f3n sobre las reglas del juego que te ayudar\u00e1n a ganar y ganar una gran suma de dinero.\" \/>\n<meta name=\"robots\" content=\"index, follow, max-snippet:-1, max-image-preview:large, max-video-preview:-1\" \/>\n<link rel=\"canonical\" href=\"https:\/\/skywardsoft.com\/es\/rules-of-the-skyward-crash-slot-game\/\" \/>\n<meta property=\"og:locale\" content=\"es_ES\" \/>\n<meta property=\"og:locale:alternate\" content=\"ru_RU\" \/>\n<meta property=\"og:locale:alternate\" content=\"en_US\" \/>\n<meta property=\"og:locale:alternate\" content=\"pt_PT\" \/>\n<meta property=\"og:type\" content=\"article\" \/>\n<meta property=\"og:title\" content=\"\u041f\u0440\u0430\u0432\u0438\u043b\u0430 \u043a\u0440\u0430\u0448 \u0438\u0433\u0440\u044b Skyward \u0432 \u043e\u043d\u043b\u0430\u0439\u043d \u043a\u0430\u0437\u0438\u043d\u043e\" \/>\n<meta property=\"og:description\" content=\"\u041a\u0430\u043a \u0438\u0433\u0440\u0430\u0442\u044c \u0438 \u043f\u043e\u0431\u0435\u0436\u0434\u0430\u0442\u044c \u0432 \u043e\u043d\u043b\u0430\u0439\u043d \u0438\u0433\u0440\u0435 Skyward. \u041c\u044b \u0441\u043e\u0431\u0440\u0430\u043b\u0438 \u0432\u0441\u044e \u0438\u043d\u0444\u043e\u0440\u043c\u0430\u0446\u0438\u044e \u043e \u043f\u0440\u0430\u0432\u0438\u043b\u0430\u0445 \u0438\u0433\u0440\u044b, \u043a\u043e\u0442\u043e\u0440\u044b\u0435 \u043f\u043e\u043c\u043e\u0433\u0443\u0442 \u043f\u043e\u0431\u0435\u0434\u0438\u0442\u044c \u0438 \u0432\u044b\u0438\u0433\u0440\u0430\u0442\u044c \u043a\u0440\u0443\u043f\u043d\u0443\u044e \u0441\u0443\u043c\u043c\u0443 \u0434\u0435\u043d\u0435\u0433\" \/>\n<meta property=\"og:url\" content=\"https:\/\/skywardsoft.com\/es\/rules-of-the-skyward-crash-slot-game\/\" \/>\n<meta property=\"og:site_name\" content=\"Skyward\" \/>\n<meta property=\"article:modified_time\" content=\"2024-05-19T21:58:19+00:00\" \/>\n<meta property=\"og:image\" content=\"https:\/\/skywardsoft.com\/wp-content\/uploads\/image002.png\" \/>\n\t<meta property=\"og:image:width\" content=\"519\" \/>\n\t<meta property=\"og:image:height\" content=\"526\" \/>\n\t<meta property=\"og:image:type\" content=\"image\/png\" \/>\n<meta name=\"twitter:card\" content=\"summary_large_image\" \/>\n<meta name=\"twitter:label1\" content=\"Tiempo de lectura\" \/>\n\t<meta name=\"twitter:data1\" content=\"14 minutos\" \/>\n<script type=\"application\/ld+json\" class=\"yoast-schema-graph\">{\"@context\":\"https:\/\/schema.org\",\"@graph\":[{\"@type\":\"WebPage\",\"@id\":\"https:\/\/skywardsoft.com\/rules-of-the-skyward-crash-slot-game\/\",\"url\":\"https:\/\/skywardsoft.com\/rules-of-the-skyward-crash-slot-game\/\",\"name\":\"\u041f\u0440\u0430\u0432\u0438\u043b\u0430 \u043a\u0440\u0430\u0448 \u0438\u0433\u0440\u044b Skyward \u0432 \u043e\u043d\u043b\u0430\u0439\u043d \u043a\u0430\u0437\u0438\u043d\u043e\",\"isPartOf\":{\"@id\":\"https:\/\/skywardsoft.com\/#website\"},\"primaryImageOfPage\":{\"@id\":\"https:\/\/skywardsoft.com\/rules-of-the-skyward-crash-slot-game\/#primaryimage\"},\"image\":{\"@id\":\"https:\/\/skywardsoft.com\/rules-of-the-skyward-crash-slot-game\/#primaryimage\"},\"thumbnailUrl\":\"https:\/\/skywardsoft.com\/wp-content\/uploads\/image002.png\",\"datePublished\":\"2024-03-24T18:37:19+00:00\",\"dateModified\":\"2024-05-19T21:58:19+00:00\",\"description\":\"\u041a\u0430\u043a \u0438\u0433\u0440\u0430\u0442\u044c \u0438 \u043f\u043e\u0431\u0435\u0436\u0434\u0430\u0442\u044c \u0432 \u043e\u043d\u043b\u0430\u0439\u043d \u0438\u0433\u0440\u0435 Skyward. \u041c\u044b \u0441\u043e\u0431\u0440\u0430\u043b\u0438 \u0432\u0441\u044e \u0438\u043d\u0444\u043e\u0440\u043c\u0430\u0446\u0438\u044e \u043e \u043f\u0440\u0430\u0432\u0438\u043b\u0430\u0445 \u0438\u0433\u0440\u044b, \u043a\u043e\u0442\u043e\u0440\u044b\u0435 \u043f\u043e\u043c\u043e\u0433\u0443\u0442 \u043f\u043e\u0431\u0435\u0434\u0438\u0442\u044c \u0438 \u0432\u044b\u0438\u0433\u0440\u0430\u0442\u044c \u043a\u0440\u0443\u043f\u043d\u0443\u044e \u0441\u0443\u043c\u043c\u0443 \u0434\u0435\u043d\u0435\u0433\",\"breadcrumb\":{\"@id\":\"https:\/\/skywardsoft.com\/rules-of-the-skyward-crash-slot-game\/#breadcrumb\"},\"inLanguage\":\"es-ES\",\"potentialAction\":[{\"@type\":\"ReadAction\",\"target\":[\"https:\/\/skywardsoft.com\/rules-of-the-skyward-crash-slot-game\/\"]}]},{\"@type\":\"ImageObject\",\"inLanguage\":\"es-ES\",\"@id\":\"https:\/\/skywardsoft.com\/rules-of-the-skyward-crash-slot-game\/#primaryimage\",\"url\":\"https:\/\/skywardsoft.com\/wp-content\/uploads\/image002.png\",\"contentUrl\":\"https:\/\/skywardsoft.com\/wp-content\/uploads\/image002.png\"},{\"@type\":\"BreadcrumbList\",\"@id\":\"https:\/\/skywardsoft.com\/rules-of-the-skyward-crash-slot-game\/#breadcrumb\",\"itemListElement\":[{\"@type\":\"ListItem\",\"position\":1,\"name\":\"\u0413\u043b\u0430\u0432\u043d\u0430\u044f \u0441\u0442\u0440\u0430\u043d\u0438\u0446\u0430\",\"item\":\"https:\/\/skywardsoft.com\/\"},{\"@type\":\"ListItem\",\"position\":2,\"name\":\"\u041f\u0440\u0430\u0432\u0438\u043b\u0430 \u0438\u0433\u0440\u044b \u043a\u0440\u0430\u0448 \u0441\u043b\u043e\u0442\u0430 Skyward\"}]},{\"@type\":\"WebSite\",\"@id\":\"https:\/\/skywardsoft.com\/#website\",\"url\":\"https:\/\/skywardsoft.com\/\",\"name\":\"Skyward\",\"description\":\"\",\"potentialAction\":[{\"@type\":\"SearchAction\",\"target\":{\"@type\":\"EntryPoint\",\"urlTemplate\":\"https:\/\/skywardsoft.com\/?s={search_term_string}\"},\"query-input\":{\"@type\":\"PropertyValueSpecification\",\"valueRequired\":true,\"valueName\":\"search_term_string\"}}],\"inLanguage\":\"es-ES\"}]}<\/script>\n<!-- \/ Yoast SEO plugin. -->","yoast_head_json":{"title":"\u041f\u0440\u0430\u0432\u0438\u043b\u0430 \u043a\u0440\u0430\u0448 \u0438\u0433\u0440\u044b Skyward \u0432 \u043e\u043d\u043b\u0430\u0439\u043d \u043a\u0430\u0437\u0438\u043d\u043e","description":"C\u00f3mo jugar y ganar en el juego en l\u00ednea Skyward. Hemos recopilado toda la informaci\u00f3n sobre las reglas del juego que te ayudar\u00e1n a ganar y ganar una gran suma de dinero.","robots":{"index":"index","follow":"follow","max-snippet":"max-snippet:-1","max-image-preview":"max-image-preview:large","max-video-preview":"max-video-preview:-1"},"canonical":"https:\/\/skywardsoft.com\/es\/rules-of-the-skyward-crash-slot-game\/","og_locale":"es_ES","og_type":"article","og_title":"\u041f\u0440\u0430\u0432\u0438\u043b\u0430 \u043a\u0440\u0430\u0448 \u0438\u0433\u0440\u044b Skyward \u0432 \u043e\u043d\u043b\u0430\u0439\u043d \u043a\u0430\u0437\u0438\u043d\u043e","og_description":"\u041a\u0430\u043a \u0438\u0433\u0440\u0430\u0442\u044c \u0438 \u043f\u043e\u0431\u0435\u0436\u0434\u0430\u0442\u044c \u0432 \u043e\u043d\u043b\u0430\u0439\u043d \u0438\u0433\u0440\u0435 Skyward. \u041c\u044b \u0441\u043e\u0431\u0440\u0430\u043b\u0438 \u0432\u0441\u044e \u0438\u043d\u0444\u043e\u0440\u043c\u0430\u0446\u0438\u044e \u043e \u043f\u0440\u0430\u0432\u0438\u043b\u0430\u0445 \u0438\u0433\u0440\u044b, \u043a\u043e\u0442\u043e\u0440\u044b\u0435 \u043f\u043e\u043c\u043e\u0433\u0443\u0442 \u043f\u043e\u0431\u0435\u0434\u0438\u0442\u044c \u0438 \u0432\u044b\u0438\u0433\u0440\u0430\u0442\u044c \u043a\u0440\u0443\u043f\u043d\u0443\u044e \u0441\u0443\u043c\u043c\u0443 \u0434\u0435\u043d\u0435\u0433","og_url":"https:\/\/skywardsoft.com\/es\/rules-of-the-skyward-crash-slot-game\/","og_site_name":"Skyward","article_modified_time":"2024-05-19T21:58:19+00:00","og_image":[{"width":519,"height":526,"url":"https:\/\/skywardsoft.com\/wp-content\/uploads\/image002.png","type":"image\/png"}],"twitter_card":"summary_large_image","twitter_misc":{"Tiempo de lectura":"14 minutos"},"schema":{"@context":"https:\/\/schema.org","@graph":[{"@type":"WebPage","@id":"https:\/\/skywardsoft.com\/rules-of-the-skyward-crash-slot-game\/","url":"https:\/\/skywardsoft.com\/rules-of-the-skyward-crash-slot-game\/","name":"\u041f\u0440\u0430\u0432\u0438\u043b\u0430 \u043a\u0440\u0430\u0448 \u0438\u0433\u0440\u044b Skyward \u0432 \u043e\u043d\u043b\u0430\u0439\u043d \u043a\u0430\u0437\u0438\u043d\u043e","isPartOf":{"@id":"https:\/\/skywardsoft.com\/#website"},"primaryImageOfPage":{"@id":"https:\/\/skywardsoft.com\/rules-of-the-skyward-crash-slot-game\/#primaryimage"},"image":{"@id":"https:\/\/skywardsoft.com\/rules-of-the-skyward-crash-slot-game\/#primaryimage"},"thumbnailUrl":"https:\/\/skywardsoft.com\/wp-content\/uploads\/image002.png","datePublished":"2024-03-24T18:37:19+00:00","dateModified":"2024-05-19T21:58:19+00:00","description":"\u041a\u0430\u043a \u0438\u0433\u0440\u0430\u0442\u044c \u0438 \u043f\u043e\u0431\u0435\u0436\u0434\u0430\u0442\u044c \u0432 \u043e\u043d\u043b\u0430\u0439\u043d \u0438\u0433\u0440\u0435 Skyward. \u041c\u044b \u0441\u043e\u0431\u0440\u0430\u043b\u0438 \u0432\u0441\u044e \u0438\u043d\u0444\u043e\u0440\u043c\u0430\u0446\u0438\u044e \u043e \u043f\u0440\u0430\u0432\u0438\u043b\u0430\u0445 \u0438\u0433\u0440\u044b, \u043a\u043e\u0442\u043e\u0440\u044b\u0435 \u043f\u043e\u043c\u043e\u0433\u0443\u0442 \u043f\u043e\u0431\u0435\u0434\u0438\u0442\u044c \u0438 \u0432\u044b\u0438\u0433\u0440\u0430\u0442\u044c \u043a\u0440\u0443\u043f\u043d\u0443\u044e \u0441\u0443\u043c\u043c\u0443 \u0434\u0435\u043d\u0435\u0433","breadcrumb":{"@id":"https:\/\/skywardsoft.com\/rules-of-the-skyward-crash-slot-game\/#breadcrumb"},"inLanguage":"es-ES","potentialAction":[{"@type":"ReadAction","target":["https:\/\/skywardsoft.com\/rules-of-the-skyward-crash-slot-game\/"]}]},{"@type":"ImageObject","inLanguage":"es-ES","@id":"https:\/\/skywardsoft.com\/rules-of-the-skyward-crash-slot-game\/#primaryimage","url":"https:\/\/skywardsoft.com\/wp-content\/uploads\/image002.png","contentUrl":"https:\/\/skywardsoft.com\/wp-content\/uploads\/image002.png"},{"@type":"BreadcrumbList","@id":"https:\/\/skywardsoft.com\/rules-of-the-skyward-crash-slot-game\/#breadcrumb","itemListElement":[{"@type":"ListItem","position":1,"name":"\u0413\u043b\u0430\u0432\u043d\u0430\u044f \u0441\u0442\u0440\u0430\u043d\u0438\u0446\u0430","item":"https:\/\/skywardsoft.com\/"},{"@type":"ListItem","position":2,"name":"\u041f\u0440\u0430\u0432\u0438\u043b\u0430 \u0438\u0433\u0440\u044b \u043a\u0440\u0430\u0448 \u0441\u043b\u043e\u0442\u0430 Skyward"}]},{"@type":"WebSite","@id":"https:\/\/skywardsoft.com\/#website","url":"https:\/\/skywardsoft.com\/","name":"Skyward","description":"","potentialAction":[{"@type":"SearchAction","target":{"@type":"EntryPoint","urlTemplate":"https:\/\/skywardsoft.com\/?s={search_term_string}"},"query-input":{"@type":"PropertyValueSpecification","valueRequired":true,"valueName":"search_term_string"}}],"inLanguage":"es-ES"}]}},"_links":{"self":[{"href":"https:\/\/skywardsoft.com\/es\/wp-json\/wp\/v2\/pages\/8","targetHints":{"allow":["GET"]}}],"collection":[{"href":"https:\/\/skywardsoft.com\/es\/wp-json\/wp\/v2\/pages"}],"about":[{"href":"https:\/\/skywardsoft.com\/es\/wp-json\/wp\/v2\/types\/page"}],"author":[{"embeddable":true,"href":"https:\/\/skywardsoft.com\/es\/wp-json\/wp\/v2\/users\/1"}],"replies":[{"embeddable":true,"href":"https:\/\/skywardsoft.com\/es\/wp-json\/wp\/v2\/comments?post=8"}],"version-history":[{"count":12,"href":"https:\/\/skywardsoft.com\/es\/wp-json\/wp\/v2\/pages\/8\/revisions"}],"predecessor-version":[{"id":49,"href":"https:\/\/skywardsoft.com\/es\/wp-json\/wp\/v2\/pages\/8\/revisions\/49"}],"wp:attachment":[{"href":"https:\/\/skywardsoft.com\/es\/wp-json\/wp\/v2\/media?parent=8"}],"curies":[{"name":"wp","href":"https:\/\/api.w.org\/{rel}","templated":true}]}}